{"id":328,"date":"2017-05-10T12:46:59","date_gmt":"2017-05-10T12:46:59","guid":{"rendered":"http:\/\/www.turcomdecor.com\/?page_id=328"},"modified":"2026-03-31T12:24:04","modified_gmt":"2026-03-31T12:24:04","slug":"held-technologie-gmbh","status":"publish","type":"page","link":"http:\/\/www.turcomdecor.com\/?page_id=328&lang=tr","title":{"rendered":"Held Technologie GmbH"},"content":{"rendered":"\t\t<div data-elementor-type=\"wp-page\" data-elementor-id=\"328\" class=\"elementor elementor-328\">\n\t\t\t\t\t\t<section class=\"elementor-section elementor-top-section elementor-element elementor-element-5615d4e9 elementor-section-boxed elementor-section-height-default elementor-section-height-default\" data-id=\"5615d4e9\" data-element_type=\"section\" data-e-type=\"section\">\n\t\t\t\t\t\t<div class=\"elementor-container elementor-column-gap-default\">\n\t\t\t\t\t<div class=\"elementor-column elementor-col-100 elementor-top-column elementor-element elementor-element-cfd90a7\" data-id=\"cfd90a7\" data-element_type=\"column\" data-e-type=\"column\">\n\t\t\t<div class=\"elementor-widget-wrap elementor-element-populated\">\n\t\t\t\t\t\t<div class=\"elementor-element elementor-element-7ba2a9ad elementor-widget elementor-widget-text-editor\" data-id=\"7ba2a9ad\" data-element_type=\"widget\" data-e-type=\"widget\" data-widget_type=\"text-editor.default\">\n\t\t\t\t\t\t\t\t\t<p><img decoding=\"async\" class=\"aligncenter\" src=\"http:\/\/www.turcomdecor.com\/wp-content\/uploads\/2017\/05\/held_logo.png\" alt=\"\" width=\"400\" height=\"120\" \/><\/p><p>Y\u00fcksek bas\u0131n\u00e7l\u0131 laminatta uzman, Rheda-Wiedenbr\u00fcck\u2019te yerle\u015fik Kuzeybat\u0131 Alman firmas\u0131 laminat konusunda kontin\u00fc hat \u00fcretimine karar verdi. 2006\u2019n\u0131n ortas\u0131nda Held Technologie GmbH, Trossingen\u2019de, y\u00fcksek bas\u0131n\u00e7l\u0131, izobarik laminat presi hatt\u0131n\u0131 kurmu\u015ftur.<\/p><p>1975\u2019den beri m\u00fc\u015fteriye \u00f6zel presler ve \u00fcretim merkezleri dizayn ettik ve kurduk. Biz kontin\u00fc sistemle \u00e7al\u0131\u015fan \u00e7ift kasnakl\u0131 preslerde uzman\u0131z.<\/p><h2>Held\u2019in \u00f6nc\u00fcl\u00fck etti\u011fi kazan\u0131mlar<\/h2><ul><li>D\u00fcnyada ilk izobarik \u00e7ift kasnakl\u0131 pres<\/li><li>D\u00fcnyada ilk y\u00fcksek bas\u0131n\u00e7l\u0131, \u00e7ift kasnakl\u0131, 100 bar (1,470 psi) y\u00fczey bas\u0131nc\u0131 \u00fcreten pres<\/li><li>D\u00fcnyada ilk y\u00fcksek \u0131s\u0131l\u0131, \u00e7ift kasnakl\u0131 pres, (400 \u00b0C (750 \u00b0F))<\/li><li>D\u00fcnyada ilk izobarik, y\u00fcksek h\u0131zl\u0131, \u00e7ift kasnakl\u0131 pres (dakikada 48 m (160ft\/min))<\/li><\/ul><h2>Held Teknolojisi \u2013 S\u00fcrekli Ba\u015far\u0131<\/h2><p>Y\u00fcksek bas\u0131n\u00e7l\u0131 laminatta uzman, Rheda-Wiedenbr\u00fcck\u2019te yerle\u015fik Kuzeybat\u0131 Alman firmas\u0131 sonunda laminat konusunda kontin\u00fc hat \u00fcretiminin kazanc\u0131ndan pay almaya karar verdi. 2006\u2019n\u0131n ortas\u0131nda firmam\u0131z Held Technologie GmbH, Trossingen\u2019de izobarik y\u00fcksek bas\u0131n\u00e7l\u0131 laminat presi hatt\u0131n\u0131 kurmu\u015ftur.<\/p><p>Westag\u2019s Laminates \/ Demirba\u015f B\u00f6l\u00fcm\u00fc m\u00fcd\u00fcr\u00fc Edmund Volmer \u201cVar olan t\u00fcm pres teknolojileri i\u00e7inde inceden inceye yapt\u0131\u011f\u0131m\u0131z ara\u015ft\u0131rma sonucunda, kullanmakta oldu\u011fumuz katl\u0131 presten, kontin\u00fc bir prese ge\u00e7mekle piyasada kan\u0131tlanm\u0131\u015f kalitemizden \u00f6d\u00fcn vermeyece\u011fimizden iyice emin olduk.\u201d diyor.\u201dYeni kontin\u00fc pres bize minimum 70 bar\u2019l\u0131k izobarik y\u00fczey bas\u0131nc\u0131n\u0131 vermeliydi ki, \u00fcr\u00fcnlerimiz en y\u00fcksek kalite standartlar\u0131n\u0131 yakalamaya devam etsin. Held bize 2002\u2019den beri s\u00fcrekli \u00e7al\u0131\u015fan ve 80 bar bas\u0131n\u00e7 sa\u011flayan dev bir pres g\u00f6sterdi. Yeni hat 1.55 m geni\u015fli\u011finde ve dakikada 30m (90ft\/min) h\u0131z\u0131nda. Bu Westag &amp; Getalit\u2019e yeni pazar segmentleri a\u00e7acakt\u0131. Bu da piyasan\u0131n uzun zamand\u0131r zay\u0131flad\u0131\u011f\u0131 bir d\u00f6nemde bizim i\u00e7in ilk hedef. Westag &amp; Getalit bunun i\u00e7in 2005 y\u0131l\u0131 i\u00e7inde 11m\u20ac (14m$) yat\u0131r\u0131m yapm\u0131\u015ft\u0131r.\u201d<\/p><h2>SILKE \u2013 Isobarik Y\u00fcksek Performans Presi \u2013 En Son Nesil<\/h2><p>40 y\u0131l \u00f6nce HELD ilk defa kontin\u00fc isobarik presi yapt\u0131. Firma s\u00fcrekli \u00e7al\u0131\u015fma ile izobarik pres teknolojisine hep yeni bir kilometre ta\u015f\u0131 daha ekledi.<\/p><p>D\u00fcnyan\u0131n en b\u00fcy\u00fck ve en g\u00fc\u00e7l\u00fc izobarik \u00c7ift Kasnakl\u0131 Pres\u2019i dekoratif laminat \u00fcretimi i\u00e7in \u015eubat 2002\u2019de bir \u0130talyan \u00fcreticiye teslim edildi. Bu HELD\u2019in teknolojik liderli\u011finin tekrar kan\u0131tlanmas\u0131yd\u0131.<\/p><p>Maksimum 80 barl\u0131k y\u00fczey bas\u0131nc\u0131yla yeni y\u00fcksek performansl\u0131 pres hem CPL \u00fcretiyor hem de en y\u00fcksek kalite standatlar\u0131na uygun HPL \u00fcretiyor. Tamamen kapal\u0131, statik bas\u0131n\u00e7 sistemi (5.20 m x 2.30 m) dakikada 48m \u00fcretim h\u0131z\u0131na ula\u015f\u0131p maliyetten tasarrufta da en \u00fcst d\u00fczeye var\u0131yor. \u00c7ift ama\u00e7l\u0131 \u0131s\u0131tma ve so\u011futma alan\u0131 parlak laminat \u00fcretme imkan\u0131n\u0131 da sa\u011fl\u0131yor. Bu pres en fazlas\u0131n\u0131 isteyen laminat \u00fcreticisinin t\u00fcm ihtiya\u00e7lar\u0131n\u0131 kar\u015f\u0131l\u0131yor.<\/p><p>Adres: HELD Technologie GmbH Weigheimer Str. 11 78647 Trossingen Germany<\/p><p>Tel: + 49 \u2013 74 25 \u2013 33 57 \u2013 0<\/p><p>Fax: + 49 \u2013 74 25 \u2013 33 57 \u2013 59<\/p>\t\t\t\t\t\t\t\t<\/div>\n\t\t\t\t\t<\/div>\n\t\t<\/div>\n\t\t\t\t\t<\/div>\n\t\t<\/section>\n\t\t\t\t<section class=\"elementor-section elementor-top-section elementor-element elementor-element-cb84087 elementor-section-boxed elementor-section-height-default elementor-section-height-default\" data-id=\"cb84087\" data-element_type=\"section\" data-e-type=\"section\">\n\t\t\t\t\t\t<div class=\"elementor-container elementor-column-gap-default\">\n\t\t\t\t\t<div class=\"elementor-column elementor-col-100 elementor-top-column elementor-element elementor-element-7cd74c5\" data-id=\"7cd74c5\" data-element_type=\"column\" data-e-type=\"column\">\n\t\t\t<div class=\"elementor-widget-wrap elementor-element-populated\">\n\t\t\t\t\t\t<div class=\"elementor-element elementor-element-a96538b elementor-widget elementor-widget-button\" data-id=\"a96538b\" data-element_type=\"widget\" data-e-type=\"widget\" data-widget_type=\"button.default\">\n\t\t\t\t\t\t\t\t\t\t<a class=\"elementor-button elementor-button-link elementor-size-sm\" href=\"https:\/\/www.held-tech.de\/\" target=\"_blank\">\n\t\t\t\t\t\t<span class=\"elementor-button-content-wrapper\">\n\t\t\t\t\t\t<span class=\"elementor-button-icon\">\n\t\t\t\t<svg aria-hidden=\"true\" class=\"e-font-icon-svg e-fas-arrow-circle-right\" viewBox=\"0 0 512 512\" xmlns=\"http:\/\/www.w3.org\/2000\/svg\"><path d=\"M256 8c137 0 248 111 248 248S393 504 256 504 8 393 8 256 119 8 256 8zm-28.9 143.6l75.5 72.4H120c-13.3 0-24 10.7-24 24v16c0 13.3 10.7 24 24 24h182.6l-75.5 72.4c-9.7 9.3-9.9 24.8-.4 34.3l11 10.9c9.4 9.4 24.6 9.4 33.9 0L404.3 273c9.4-9.4 9.4-24.6 0-33.9L271.6 106.3c-9.4-9.4-24.6-9.4-33.9 0l-11 10.9c-9.5 9.6-9.3 25.1.4 34.4z\"><\/path><\/svg>\t\t\t<\/span>\n\t\t\t\t\t\t\t\t\t<span class=\"elementor-button-text\">Visit Website<\/span>\n\t\t\t\t\t<\/span>\n\t\t\t\t\t<\/a>\n\t\t\t\t\t\t\t\t<\/div>\n\t\t\t\t\t<\/div>\n\t\t<\/div>\n\t\t\t\t\t<\/div>\n\t\t<\/section>\n\t\t\t\t<\/div>\n\t\t","protected":false},"excerpt":{"rendered":"<p>Y\u00fcksek bas\u0131n\u00e7l\u0131 laminatta uzman, Rheda-Wiedenbr\u00fcck\u2019te yerle\u015fik Kuzeybat\u0131 Alman firmas\u0131 laminat konusunda kontin\u00fc hat \u00fcretimine karar verdi. 2006\u2019n\u0131n ortas\u0131nda Held Technologie GmbH, Trossingen\u2019de, y\u00fcksek bas\u0131n\u00e7l\u0131, izobarik laminat presi hatt\u0131n\u0131 kurmu\u015ftur. 1975\u2019den beri m\u00fc\u015fteriye \u00f6zel presler ve \u00fcretim merkezleri dizayn ettik ve kurduk. Biz kontin\u00fc sistemle \u00e7al\u0131\u015fan \u00e7ift kasnakl\u0131 preslerde uzman\u0131z. Held\u2019in \u00f6nc\u00fcl\u00fck etti\u011fi kazan\u0131mlar D\u00fcnyada ilk [&hellip;]<\/p>\n","protected":false},"author":1,"featured_media":329,"parent":0,"menu_order":4,"comment_status":"closed","ping_status":"closed","template":"elementor_header_footer","meta":{"footnotes":""},"categories":[22,32],"tags":[],"class_list":["post-328","page","type-page","status-publish","has-post-thumbnail","hentry","category-anasayfa_temsilcilikler","category-temsilciliklerimiz"],"_links":{"self":[{"href":"http:\/\/www.turcomdecor.com\/index.php?rest_route=\/wp\/v2\/pages\/328","targetHints":{"allow":["GET"]}}],"collection":[{"href":"http:\/\/www.turcomdecor.com\/index.php?rest_route=\/wp\/v2\/pages"}],"about":[{"href":"http:\/\/www.turcomdecor.com\/index.php?rest_route=\/wp\/v2\/types\/page"}],"author":[{"embeddable":true,"href":"http:\/\/www.turcomdecor.com\/index.php?rest_route=\/wp\/v2\/users\/1"}],"replies":[{"embeddable":true,"href":"http:\/\/www.turcomdecor.com\/index.php?rest_route=%2Fwp%2Fv2%2Fcomments&post=328"}],"version-history":[{"count":39,"href":"http:\/\/www.turcomdecor.com\/index.php?rest_route=\/wp\/v2\/pages\/328\/revisions"}],"predecessor-version":[{"id":2771,"href":"http:\/\/www.turcomdecor.com\/index.php?rest_route=\/wp\/v2\/pages\/328\/revisions\/2771"}],"wp:featuredmedia":[{"embeddable":true,"href":"http:\/\/www.turcomdecor.com\/index.php?rest_route=\/wp\/v2\/media\/329"}],"wp:attachment":[{"href":"http:\/\/www.turcomdecor.com\/index.php?rest_route=%2Fwp%2Fv2%2Fmedia&parent=328"}],"wp:term":[{"taxonomy":"category","embeddable":true,"href":"http:\/\/www.turcomdecor.com\/index.php?rest_route=%2Fwp%2Fv2%2Fcategories&post=328"},{"taxonomy":"post_tag","embeddable":true,"href":"http:\/\/www.turcomdecor.com\/index.php?rest_route=%2Fwp%2Fv2%2Ftags&post=328"}],"curies":[{"name":"wp","href":"https:\/\/api.w.org\/{rel}","templated":true}]}}