{"id":1182,"date":"2020-02-16T14:28:28","date_gmt":"2020-02-16T14:28:28","guid":{"rendered":"http:\/\/www.turcomdecor.com\/?page_id=1182"},"modified":"2026-04-06T10:13:55","modified_gmt":"2026-04-06T10:13:55","slug":"mingke-2","status":"publish","type":"page","link":"http:\/\/www.turcomdecor.com\/?page_id=1182&lang=tr","title":{"rendered":"Mingke"},"content":{"rendered":"\t\t<div data-elementor-type=\"wp-page\" data-elementor-id=\"1182\" class=\"elementor elementor-1182\">\n\t\t\t\t\t\t<section class=\"elementor-section elementor-top-section elementor-element elementor-element-6fcac56d elementor-section-boxed elementor-section-height-default elementor-section-height-default\" data-id=\"6fcac56d\" data-element_type=\"section\" data-e-type=\"section\">\n\t\t\t\t\t\t<div class=\"elementor-container elementor-column-gap-default\">\n\t\t\t\t\t<div class=\"elementor-column elementor-col-100 elementor-top-column elementor-element elementor-element-70960d0d\" data-id=\"70960d0d\" data-element_type=\"column\" data-e-type=\"column\">\n\t\t\t<div class=\"elementor-widget-wrap elementor-element-populated\">\n\t\t\t\t\t\t<div class=\"elementor-element elementor-element-35ee8c7f elementor-widget elementor-widget-text-editor\" data-id=\"35ee8c7f\" data-element_type=\"widget\" data-e-type=\"widget\" data-widget_type=\"text-editor.default\">\n\t\t\t\t\t\t\t\t\t<h1 class=\"turcom_page_title\">\u00a0<\/h1><div class=\"pbs-row\" style=\"min-height: 200px;\"><div class=\"pbs-col\" style=\"flex-basis: 35%; justify-content: center; padding: 0px 0px 0px 0px;\"><p><img fetchpriority=\"high\" decoding=\"async\" class=\"size-full wp-image-1130 aligncenter\" style=\"height: auto; width: 299px;\" src=\"http:\/\/www.turcomdecor.com\/wp-content\/uploads\/2020\/02\/Logo.png\" alt=\"\" width=\"299\" height=\"299\" srcset=\"http:\/\/www.turcomdecor.com\/wp-content\/uploads\/2020\/02\/Logo.png 498w, http:\/\/www.turcomdecor.com\/wp-content\/uploads\/2020\/02\/Logo-150x150.png 150w, http:\/\/www.turcomdecor.com\/wp-content\/uploads\/2020\/02\/Logo-300x300.png 300w, http:\/\/www.turcomdecor.com\/wp-content\/uploads\/2020\/02\/Logo-200x200.png 200w\" sizes=\"(max-width: 299px) 100vw, 299px\" \/><\/p><\/div><div class=\"pbs-col\" style=\"flex-basis: 65%; justify-content: center;\"><p style=\"font-weight: 400;\">2012 y\u0131l\u0131nda kurulan MINGKE, \u00e7e\u015fitli sekt\u00f6rlerde kullan\u0131lan \u00e7elik bantlar\u0131n \u00fcretimi ve sat\u0131\u015f sonras\u0131 hizmetlerinde uzmanla\u015fm\u0131\u015f bir y\u00fcksek teknoloji kurulu\u015fudur. \u0130thal edilen en kaliteli \u00e7elik malzeme, Avrupa bant \u00fcretim teknolojisi ve bilgi birikimiyle birle\u015ferek MINGKE&#8217;yi kontin\u00fc \u00e7elik bant \u00fcreticileri aras\u0131nda k\u00fcresel liderlerden biri haline getirmi\u015ftir.<\/p><p style=\"font-weight: 400;\">MINGKE, a\u015fa\u011f\u0131daki sekt\u00f6rler i\u00e7in y\u00fcksek mukavemetli \u00e7elik bantlar tedarik etmekte ve \u00e7elik bant servisi sunmaktad\u0131r.<\/p><p style=\"font-weight: 400;\"><a href=\"https:\/\/www.mingkebelts.com\/uploads\/%E9%93%AD%E5%AE%A2%E6%80%BB%E5%86%8C.pdf\" target=\"_blank\" rel=\"noopener\"><strong>MINGKE\u2019 nin a\u015fa\u011f\u0131daki t\u00fcm sekt\u00f6rleri i\u00e7eren genel bro\u015f\u00fcr\u00fc i\u00e7in t\u0131klay\u0131n\u0131z<\/strong><\/a><\/p><p><strong>Ah\u015fap Bazl\u0131 Panel End\u00fcstrisi<\/strong><\/p><ul><li><p><a href=\"https:\/\/www.mingkebelts.com\/mt1650-martensitic-stainless-steel-belt-product\/\" target=\"_blank\" rel=\"noopener\"><strong>MT1650<\/strong><\/a> <strong>&#8211; <\/strong>MDF\/Sunta ve OSB hatlar\u0131 i\u00e7in kontin\u00fc presler, Mende presleri<\/p><\/li><li><p><a href=\"https:\/\/www.mingkebelts.com\/ct1300-hardened-tempered-carbon-steel-belt-product\/\" target=\"_blank\" rel=\"noopener\"><strong>CT1320<\/strong><\/a><strong>, <\/strong><a href=\"https:\/\/www.mingkebelts.com\/ct1100-hardened-tempered-carbon-steel-belt-product\/\" target=\"_blank\" rel=\"noopener\"><strong>CT1100 <\/strong><\/a><strong>&#8211;<\/strong> Single opening kontin\u00fc presler, \u0130zobarik CPL presler<\/p><\/li><\/ul><p><strong>Kau\u00e7uk End\u00fcstrisi<\/strong><\/p><ul><li><p><a href=\"https:\/\/www.mingkebelts.com\/mt1650-martensitic-stainless-steel-belt-product\/\" target=\"_blank\" rel=\"noopener\"><strong>MT1650<\/strong><\/a><strong>\u00a0&#8211;<\/strong> Rotokur hatlar\u0131, plaka vulkanizat\u00f6rleri<\/p><\/li><\/ul><p><strong>G\u0131da End\u00fcstrisi<\/strong><\/p><ul><li style=\"font-weight: 400;\"><p><a href=\"https:\/\/www.mingkebelts.com\/ct1300-hardened-tempered-carbon-steel-belt-product\/\" target=\"_blank\" rel=\"noopener\"><strong>CT1320<\/strong><\/a><strong>,<\/strong> <a href=\"https:\/\/www.mingkebelts.com\/ct1100-hardened-tempered-carbon-steel-belt-product\/\" target=\"_blank\" rel=\"noopener\"><strong>CT1100<\/strong><\/a><strong>,<\/strong> <a href=\"https:\/\/www.mingkebelts.com\/at1200-austenitic-corrosion-resistant-stainless-steel-belt-product\/\" target=\"_blank\" rel=\"noopener\"><strong>AT1200<\/strong><\/a><strong>,<\/strong> <a href=\"https:\/\/www.mingkebelts.com\/at1000-austenitic-corrosion-resistant-stainless-steel-belt-product\/\" target=\"_blank\" rel=\"noopener\"><strong>AT1000<\/strong><\/a><strong>,<\/strong> <a href=\"https:\/\/www.mingkebelts.com\/mt1050-martensitic-stainless-steel-belt-product\/\" target=\"_blank\" rel=\"noopener\"><strong>MT1150<\/strong><\/a><strong>,<\/strong> <a href=\"https:\/\/www.mingkebelts.com\/dt980-dual-phase-stainless-steel-belt-product\/\" target=\"_blank\" rel=\"noopener\"><strong>DT980 <\/strong><\/a><strong>&#8211;<\/strong> T\u00fcnel tipi f\u0131r\u0131nlar, \u00e7ikolata \u00fcretim hatlar\u0131, IQF hatlar\u0131, et ta\u015f\u0131ma hatlar\u0131, meyve\/sebze kurutma hatlar\u0131, gran\u00fcl kahve so\u011futucular\u0131 vb.<\/p><\/li><\/ul><p><strong>Kimya End\u00fcstrisi<\/strong><\/p><ul><li style=\"font-weight: 400;\"><p><a href=\"https:\/\/www.mingkebelts.com\/at1200-austenitic-corrosion-resistant-stainless-steel-belt-product\/\" target=\"_blank\" rel=\"noopener\"><strong>AT1200<\/strong><\/a><strong>, <\/strong><a href=\"https:\/\/www.mingkebelts.com\/at1000-austenitic-corrosion-resistant-stainless-steel-belt-product\/\" target=\"_blank\" rel=\"noopener\"><strong>AT1000<\/strong><\/a><strong>, <\/strong><a href=\"https:\/\/www.mingkebelts.com\/mt1050-martensitic-stainless-steel-belt-product\/\" target=\"_blank\" rel=\"noopener\"><strong>MT1150<\/strong><\/a><strong>, <\/strong><a href=\"https:\/\/www.mingkebelts.com\/dt980-dual-phase-stainless-steel-belt-product\/\" target=\"_blank\" rel=\"noopener\"><strong>DT980<\/strong><\/a><strong>\u00a0&#8211; <\/strong>So\u011futmal\u0131 payet makineleri, so\u011futmal\u0131 pastilat\u00f6rler<\/p><\/li><\/ul><p><strong>Seramik Sanayi<\/strong><\/p><ul><li><p><a href=\"https:\/\/www.mingkebelts.com\/mt1650-martensitic-stainless-steel-belt-product\/\" target=\"_blank\" rel=\"noopener\"><strong>MT1650<\/strong><\/a><strong>\u00a0&#8211; <\/strong>Kontin\u00fc seramik presler, seramik rock plate \u00fcretim hatlar\u0131<\/p><\/li><\/ul><p style=\"font-weight: 400;\"><strong>D\u00f6k\u00fcm Film End\u00fcstrisi<\/strong><\/p><ul><li style=\"font-weight: 400;\"><p><a href=\"https:\/\/www.mingkebelts.com\/at1200-austenitic-corrosion-resistant-stainless-steel-belt-product\/\" target=\"_blank\" rel=\"noopener\"><strong>AT1200<\/strong><\/a><strong>, <\/strong><a href=\"https:\/\/www.mingkebelts.com\/at1000-austenitic-corrosion-resistant-stainless-steel-belt-product\/\" target=\"_blank\" rel=\"noopener\"><strong>AT1000<\/strong><\/a><strong>, <\/strong><a href=\"https:\/\/www.mingkebelts.com\/mt1650-martensitic-stainless-steel-belt-product\/\" target=\"_blank\" rel=\"noopener\"><strong>MT1650<\/strong><\/a><strong>, <\/strong><a href=\"https:\/\/www.mingkebelts.com\/mt1050-martensitic-stainless-steel-belt-product\/\" target=\"_blank\" rel=\"noopener\"><strong>MT1150<\/strong><\/a><strong>\u00a0&#8211; <\/strong>\u0130nce film \u00fcretim hatlar\u0131, \u00e7ok fonksiyonlu plastik film \u00fcretim hatlar\u0131, ambalaj plastik film \u00fcretim hatlar\u0131, \u00e7ama\u015f\u0131r deterjan\u0131 kaps\u00fclleri \u00fcretim hatlar\u0131, filtre filmi \u00fcretim hatlar\u0131 vb.<\/p><\/li><\/ul><p><a href=\"https:\/\/www.mingkebelts.com\/others\/\"><strong>Daha fazla uygulama i\u00e7in buraya t\u0131klay\u0131n\u0131z<\/strong><\/a><\/p><p style=\"font-weight: 400;\"><strong>Yukar\u0131da listelenen sekt\u00f6rlere y\u00f6nelik MINGKE bro\u015f\u00fcrleri i\u00e7in t\u0131klay\u0131n;<\/strong><\/p><ul><li><a href=\"https:\/\/www.mingkebelts.com\/uploads\/%E4%BA%BA%E9%80%A0%E6%9D%BF%E8%A1%8C%E4%B8%9A.pdf\" target=\"_blank\" rel=\"noopener\">MINGKE Ah\u015fap Panel Sanayi Bro\u015f\u00fcr\u00fc<\/a><\/li><li><a href=\"https:\/\/www.mingkebelts.com\/uploads\/%E6%A9%A1%E8%83%B6%E8%A1%8C%E4%B8%9A.pdf\" target=\"_blank\" rel=\"noopener\">MINGKE Kau\u00e7uk Sanayi Bro\u015f\u00fcr\u00fc<\/a><\/li><li><a href=\"https:\/\/www.mingkebelts.com\/uploads\/%E9%A3%9F%E5%93%81%E8%A1%8C%E4%B8%9A.pdf\" target=\"_blank\" rel=\"noopener\">MINGKE G\u0131da End\u00fcstrisi Bro\u015f\u00fcr\u00fc<\/a><\/li><li><a href=\"https:\/\/www.mingkebelts.com\/uploads\/%E5%8C%96%E5%B7%A5%E8%A1%8C%E4%B8%9A.pdf\" target=\"_blank\" rel=\"noopener\">MINGKE Kimya Sanayi Bro\u015f\u00fcr\u00fc<\/a><\/li><li><a href=\"https:\/\/www.mingkebelts.com\/ceramic-product\/\" target=\"_blank\" rel=\"noopener\">MINGKE Seramik Sanayi Bro\u015f\u00fcr\u00fc<\/a><\/li><li><a href=\"https:\/\/www.mingkebelts.com\/steel-belt-for-film-casting-equipment-product\/\" target=\"_blank\" rel=\"noopener\">MINGKE D\u00f6k\u00fcm Film Sekt\u00f6r\u00fc Bro\u015f\u00fcr\u00fc<\/a><\/li><\/ul><h3>\u00a0<\/h3><h3 style=\"font-weight: 400;\"><strong>MINGKE \u00c7elik Bant Portf\u00f6y\u00fcm\u00fcz:<\/strong><\/h3><table style=\"font-weight: 400;\" width=\"100%\"><tbody><tr><td width=\"17%\"><strong>Model<\/strong><\/td><td width=\"17%\"><strong>\u00c7elik Tipi<\/strong><\/td><td width=\"18%\"><strong>Uzunluk<\/strong><\/td><td width=\"21%\"><strong>Geni\u015flik<\/strong><\/td><td width=\"24%\"><strong>Kal\u0131nl\u0131k<\/strong><\/td><\/tr><tr><td width=\"17%\"><strong>MT1650<\/strong><br \/><a href=\"https:\/\/www.mingkebelts.com\/uploads\/MT1650%E4%B8%8D%E9%94%88%E9%92%A2%E9%92%A2%E5%B8%A6-MT1650-Stainless-Steel-Belt-2022.pdf\" target=\"_blank\" rel=\"noopener\">teknik \u00f6zellikler<\/a><\/td><td width=\"17%\">Martensitik paslanmaz \u00e7elik bant<\/td><td rowspan=\"7\" width=\"18%\">\u2264150 metre\/adet<\/td><td width=\"21%\">1000~3100 mm<\/td><td width=\"24%\">1.0\/1.2\/1.6\/1.8\/2.0\/2.3\/2.7\/3.0\/3.5mm<\/td><\/tr><tr><td width=\"17%\"><strong>MT1150 <\/strong><br \/><a href=\"https:\/\/www.mingkebelts.com\/uploads\/MT1150.pdf\" target=\"_blank\" rel=\"noopener\">teknik \u00f6zellikler<\/a><\/td><td width=\"17%\">Martensitik paslanmaz \u00e7elik bant<\/td><td width=\"21%\">600\/800\/1000\/1200\/1500\/\u2026 mm<\/td><td width=\"24%\">0,8\/1,0\/1,2 mm<\/td><\/tr><tr><td width=\"17%\"><strong>CT1320 <\/strong><br \/><a href=\"https:\/\/www.mingkebelts.com\/uploads\/CT1320%E7%A2%B3%E9%92%A2%E9%92%A2%E5%B8%A620250918.pdf\" target=\"_blank\" rel=\"noopener\">teknik \u00f6zellikler<\/a><\/td><td width=\"17%\">Sertle\u015ftirilmi\u015f ve temperlenmi\u015f karbon \u00e7elik bant<\/td><td width=\"21%\">600\/800\/1000\/1200\/1500\/\u2026mm<\/td><td width=\"24%\">0,8\/1,2\/1,4\/1,5 mm<\/td><\/tr><tr><td width=\"17%\"><strong>CT1100<\/strong><br \/><a href=\"https:\/\/www.mingkebelts.com\/uploads\/CT1100%E7%A2%B3%E9%92%A2%E9%92%A2%E5%B8%A6-CT1100-Carbon-Steel-Belt1.pdf\" target=\"_blank\" rel=\"noopener\">teknik \u00f6zellikler<\/a><\/td><td width=\"17%\">Sertle\u015ftirilmi\u015f karbon \u00e7elik bant<\/td><td width=\"21%\">600\/800\/1000\/1200\/1500\/\u2026mm<\/td><td width=\"24%\">0,8\/1,2\/1,4\/1,5\/1,7 mm<\/td><\/tr><tr><td width=\"17%\"><strong>AT1200 <\/strong><br \/><a href=\"https:\/\/www.mingkebelts.com\/uploads\/3fc984fa.pdf\" target=\"_blank\" rel=\"noopener\">teknik \u00f6zellikler<\/a><\/td><td width=\"17%\">\u00d6stenitik paslanmaz \u00e7elik bant<\/td><td width=\"21%\">800\/1000\/1200\/1540\/2000\/\u2026 mm<\/td><td width=\"24%\">0,5\/0,8\/1,0\/1,2 mm<\/td><\/tr><tr><td width=\"17%\"><strong>AT1000<\/strong><br \/><a href=\"https:\/\/www.mingkebelts.com\/uploads\/e869b9f0.pdf\" target=\"_blank\" rel=\"noopener\">teknik \u00f6zellikler<\/a><\/td><td width=\"17%\">\u00d6stenitik molibden ala\u015f\u0131ml\u0131 paslanmaz \u00e7elik bant<\/td><td width=\"21%\">800\/1000\/1200\/1540\/2000\/\u2026 mm<\/td><td width=\"24%\">0,5\/0,8\/1,0\/1,2 mm<\/td><\/tr><tr><td width=\"17%\"><strong>DT980<\/strong><br \/><a href=\"https:\/\/www.mingkebelts.com\/uploads\/DT980%E4%B8%8D%E9%94%88%E9%92%A2%E9%92%A2%E5%B8%A6-DT980Stainless-Steel-Belt-2022.pdf\" target=\"_blank\" rel=\"noopener\">teknik \u00f6zellikler<\/a><\/td><td width=\"17%\">Y\u00fcksek ala\u015f\u0131ml\u0131 dupleks s\u00fcper korozyona dayan\u0131kl\u0131 paslanmaz \u00e7elik bant<\/td><td width=\"21%\">800\/1200\/1540\/\u2026 mm<\/td><td width=\"24%\">0,8\/1,0\/1,2 mm<\/td><\/tr><\/tbody><\/table><h3 style=\"font-weight: 400;\"><strong>Yerel Teknik Servis Hizmetlerimiz:<\/strong><\/h3><p style=\"font-weight: 400;\">Ayr\u0131ca, T\u00fcrkiye dahil olmak \u00fczere d\u00fcnyan\u0131n yakla\u015f\u0131k on \u00fclke ve b\u00f6lgesinde bulunan profesyonel \u00e7elik bant sat\u0131\u015f sonras\u0131 servis sistemimiz de mevcuttur.<\/p><ul><li>\u00c7apraz Kaynak ve Montaj <a href=\"https:\/\/www.youtube.com\/watch?v=tTr0HU-hIrw&amp;pp=ygUGbWluZ2tl\" target=\"_blank\" rel=\"noopener\"><strong>video<\/strong><\/a><\/li><li>Disk Yama Kaynak (Disc Patching) <a href=\"https:\/\/www.youtube.com\/watch?v=esgdswyKzjQ\" target=\"_blank\" rel=\"noopener\"><strong>video<\/strong><\/a><\/li><li>Bilya p\u00fcsk\u00fcrtme (Shot Peening) <a href=\"https:\/\/www.youtube.com\/watch?v=jsX9YrLfK90\" target=\"_blank\" rel=\"noopener\"><strong>video<\/strong><\/a><\/li><li>\u00c7atlak\/\u00c7\u00f6k\u00fcnt\u00fc\/T\u00fcmsek Onar\u0131m\u0131 <a href=\"https:\/\/www.youtube.com\/watch?v=uYfetG2nALE\" target=\"_blank\" rel=\"noopener\"><strong>video<\/strong><\/a><\/li><li>V-kay\u0131\u015f tedarik ve montaj\u0131<\/li><\/ul><ul><li style=\"list-style-type: none;\"><ul><li style=\"list-style-type: none;\"><ul><li style=\"list-style-type: none;\"><ul><li style=\"list-style-type: none;\"><ul><li style=\"list-style-type: none;\"><ul><li style=\"list-style-type: none;\"><ul><li style=\"list-style-type: none;\"><ul><li style=\"list-style-type: none;\">\u00a0<\/li><\/ul><\/li><\/ul><\/li><\/ul><\/li><\/ul><\/li><\/ul><\/li><\/ul><\/li><\/ul><\/li><\/ul><\/div><\/div><div class=\"pbs-row goto-site-container\"><div class=\"pbs-col goto-site-info\" style=\"flex-basis: 70%; justify-content: center;\"><p>Shanghai Office | Shanghai Mingke Process Systems Co.,Ltd.<br \/>Addres: Room 802, Building China Enterprise Joint, No. 399 Baixiu Rd., Nanqiao Town, Fengxian Dist., Shanghai 201499, China<\/p><p>Nanjing Factory | Nanjing Mingke Process Systems Co.,Ltd.<br \/>Add: No. 81 Shuanggao Rd., Gaochun Economic Development Zone, Nanjing City, Jiangsu Prov. 211316, China<\/p><p>Tel: +86 17301601676<\/p><p>Fax:\u00a0+86 21 3361 6576<\/p><\/div><\/div>\t\t\t\t\t\t\t\t<\/div>\n\t\t\t\t\t<\/div>\n\t\t<\/div>\n\t\t\t\t\t<\/div>\n\t\t<\/section>\n\t\t\t\t<section class=\"elementor-section elementor-top-section elementor-element elementor-element-c97f4d4 elementor-section-boxed elementor-section-height-default elementor-section-height-default\" data-id=\"c97f4d4\" data-element_type=\"section\" data-e-type=\"section\">\n\t\t\t\t\t\t<div class=\"elementor-container elementor-column-gap-default\">\n\t\t\t\t\t<div class=\"elementor-column elementor-col-100 elementor-top-column elementor-element elementor-element-26739ec\" data-id=\"26739ec\" data-element_type=\"column\" data-e-type=\"column\">\n\t\t\t<div class=\"elementor-widget-wrap elementor-element-populated\">\n\t\t\t\t\t\t<div class=\"elementor-element elementor-element-f2b4dd6 elementor-widget elementor-widget-button\" data-id=\"f2b4dd6\" data-element_type=\"widget\" data-e-type=\"widget\" data-widget_type=\"button.default\">\n\t\t\t\t\t\t\t\t\t\t<a class=\"elementor-button elementor-button-link elementor-size-sm\" href=\"http:\/\/www.mingkebelts.com\/\" target=\"_blank\">\n\t\t\t\t\t\t<span class=\"elementor-button-content-wrapper\">\n\t\t\t\t\t\t<span class=\"elementor-button-icon\">\n\t\t\t\t<svg aria-hidden=\"true\" class=\"e-font-icon-svg e-fas-arrow-circle-right\" viewBox=\"0 0 512 512\" xmlns=\"http:\/\/www.w3.org\/2000\/svg\"><path d=\"M256 8c137 0 248 111 248 248S393 504 256 504 8 393 8 256 119 8 256 8zm-28.9 143.6l75.5 72.4H120c-13.3 0-24 10.7-24 24v16c0 13.3 10.7 24 24 24h182.6l-75.5 72.4c-9.7 9.3-9.9 24.8-.4 34.3l11 10.9c9.4 9.4 24.6 9.4 33.9 0L404.3 273c9.4-9.4 9.4-24.6 0-33.9L271.6 106.3c-9.4-9.4-24.6-9.4-33.9 0l-11 10.9c-9.5 9.6-9.3 25.1.4 34.4z\"><\/path><\/svg>\t\t\t<\/span>\n\t\t\t\t\t\t\t\t\t<span class=\"elementor-button-text\">Visit Website<\/span>\n\t\t\t\t\t<\/span>\n\t\t\t\t\t<\/a>\n\t\t\t\t\t\t\t\t<\/div>\n\t\t\t\t\t<\/div>\n\t\t<\/div>\n\t\t\t\t\t<\/div>\n\t\t<\/section>\n\t\t\t\t<\/div>\n\t\t","protected":false},"excerpt":{"rendered":"<p>\u00a0 2012 y\u0131l\u0131nda kurulan MINGKE, \u00e7e\u015fitli sekt\u00f6rlerde kullan\u0131lan \u00e7elik bantlar\u0131n \u00fcretimi ve sat\u0131\u015f sonras\u0131 hizmetlerinde uzmanla\u015fm\u0131\u015f bir y\u00fcksek teknoloji kurulu\u015fudur. \u0130thal edilen en kaliteli \u00e7elik malzeme, Avrupa bant \u00fcretim teknolojisi ve bilgi birikimiyle birle\u015ferek MINGKE&#8217;yi kontin\u00fc \u00e7elik bant \u00fcreticileri aras\u0131nda k\u00fcresel liderlerden biri haline getirmi\u015ftir. MINGKE, a\u015fa\u011f\u0131daki sekt\u00f6rler i\u00e7in y\u00fcksek mukavemetli \u00e7elik bantlar tedarik etmekte [&hellip;]<\/p>\n","protected":false},"author":1,"featured_media":1237,"parent":0,"menu_order":0,"comment_status":"closed","ping_status":"closed","template":"elementor_header_footer","meta":{"footnotes":""},"categories":[22,32],"tags":[],"class_list":["post-1182","page","type-page","status-publish","has-post-thumbnail","hentry","category-anasayfa_temsilcilikler","category-temsilciliklerimiz"],"_links":{"self":[{"href":"http:\/\/www.turcomdecor.com\/index.php?rest_route=\/wp\/v2\/pages\/1182","targetHints":{"allow":["GET"]}}],"collection":[{"href":"http:\/\/www.turcomdecor.com\/index.php?rest_route=\/wp\/v2\/pages"}],"about":[{"href":"http:\/\/www.turcomdecor.com\/index.php?rest_route=\/wp\/v2\/types\/page"}],"author":[{"embeddable":true,"href":"http:\/\/www.turcomdecor.com\/index.php?rest_route=\/wp\/v2\/users\/1"}],"replies":[{"embeddable":true,"href":"http:\/\/www.turcomdecor.com\/index.php?rest_route=%2Fwp%2Fv2%2Fcomments&post=1182"}],"version-history":[{"count":44,"href":"http:\/\/www.turcomdecor.com\/index.php?rest_route=\/wp\/v2\/pages\/1182\/revisions"}],"predecessor-version":[{"id":2888,"href":"http:\/\/www.turcomdecor.com\/index.php?rest_route=\/wp\/v2\/pages\/1182\/revisions\/2888"}],"wp:featuredmedia":[{"embeddable":true,"href":"http:\/\/www.turcomdecor.com\/index.php?rest_route=\/wp\/v2\/media\/1237"}],"wp:attachment":[{"href":"http:\/\/www.turcomdecor.com\/index.php?rest_route=%2Fwp%2Fv2%2Fmedia&parent=1182"}],"wp:term":[{"taxonomy":"category","embeddable":true,"href":"http:\/\/www.turcomdecor.com\/index.php?rest_route=%2Fwp%2Fv2%2Fcategories&post=1182"},{"taxonomy":"post_tag","embeddable":true,"href":"http:\/\/www.turcomdecor.com\/index.php?rest_route=%2Fwp%2Fv2%2Ftags&post=1182"}],"curies":[{"name":"wp","href":"https:\/\/api.w.org\/{rel}","templated":true}]}}